{"id":499,"date":"2025-06-11T10:15:41","date_gmt":"2025-06-11T10:15:41","guid":{"rendered":"https:\/\/harmonygroup.sn\/?page_id=499"},"modified":"2025-12-08T12:54:31","modified_gmt":"2025-12-08T11:54:31","slug":"contact","status":"publish","type":"page","link":"https:\/\/harmonygroup.sn\/en\/contact\/","title":{"rendered":"Contact"},"content":{"rendered":"<div data-elementor-type=\"wp-page\" data-elementor-id=\"499\" class=\"elementor elementor-499\">\n\t\t\t\t<div class=\"elementor-element elementor-element-6222d35 e-flex e-con-boxed e-con e-parent\" data-id=\"6222d35\" data-element_type=\"container\">\n\t\t\t\t\t<div class=\"e-con-inner\">\n\t\t<div class=\"elementor-element elementor-element-8e64573 e-con-full e-flex e-con e-child\" data-id=\"8e64573\" data-element_type=\"container\">\n\t\t<div class=\"wdt-sticky-css wdt-sticky-column-css-7aefd4b wdt-css-sticky-desktop wdt-css-sticky-laptop wdt-css-sticky-tablet_extra elementor-element elementor-element-7aefd4b e-con-full e-flex e-con e-child\" data-wdt-settings=\"{&quot;id&quot;:&quot;7aefd4b&quot;,&quot;sticky&quot;:true,&quot;stickyOn&quot;:[&quot;desktop&quot;,&quot;laptop&quot;,&quot;tablet_extra&quot;]}\" data-id=\"7aefd4b\" data-element_type=\"container\">\n\t\t\t\t<div class=\"elementor-element elementor-element-0d7fa82 elementor-widget__width-initial elementor-widget-laptop__width-initial animated-fast elementor-invisible elementor-widget elementor-widget-wdt-heading\" data-id=\"0d7fa82\" data-element_type=\"widget\" data-settings=\"{&quot;_animation&quot;:&quot;slideInUp&quot;,&quot;wdt_enable_inview_status&quot;:&quot;true&quot;,&quot;wdt_animation_effect&quot;:&quot;none&quot;}\" data-widget_type=\"wdt-heading.default\">\n\t\t\t\t<div class=\"elementor-widget-container\">\n\t\t\t\t\t<div class=\"wdt-heading-holder\" id=\"wdt-heading-0d7fa82\"><div class=\"wdt-heading-subtitle-wrapper wdt-heading-subtitle\">Contactez-nous<\/div><h2 class=\"wdt-heading-title-wrapper wdt-heading-title\">Soumettez votre requ\u00eate<\/h2><\/div>\t\t\t\t<\/div>\n\t\t\t\t<\/div>\n\t\t\t\t<div class=\"elementor-element elementor-element-de45055 elementor-widget-tablet_extra__width-initial elementor-widget-tablet__width-inherit wdt-dark-bg animated-fast elementor-invisible elementor-widget elementor-widget-wdt-specifications\" data-id=\"de45055\" data-element_type=\"widget\" data-settings=\"{&quot;columns&quot;:&quot;2&quot;,&quot;columns_laptop&quot;:&quot;2&quot;,&quot;columns_tablet_extra&quot;:&quot;1&quot;,&quot;columns_tablet&quot;:&quot;2&quot;,&quot;columns_mobile_extra&quot;:&quot;1&quot;,&quot;_animation&quot;:&quot;slideInUp&quot;,&quot;_animation_delay&quot;:150,&quot;columns_mobile&quot;:1,&quot;carousel_arrows_prev_arrow_vertical_align&quot;:&quot;flex-start&quot;,&quot;carousel_arrows_prev_arrow_vertical_top_indent&quot;:{&quot;unit&quot;:&quot;%&quot;,&quot;size&quot;:&quot;&quot;,&quot;sizes&quot;:[]},&quot;carousel_arrows_prev_arrow_vertical_top_indent_laptop&quot;:{&quot;unit&quot;:&quot;px&quot;,&quot;size&quot;:&quot;&quot;,&quot;sizes&quot;:[]},&quot;carousel_arrows_prev_arrow_vertical_top_indent_tablet_extra&quot;:{&quot;unit&quot;:&quot;px&quot;,&quot;size&quot;:&quot;&quot;,&quot;sizes&quot;:[]},&quot;carousel_arrows_prev_arrow_vertical_top_indent_tablet&quot;:{&quot;unit&quot;:&quot;%&quot;,&quot;size&quot;:&quot;&quot;,&quot;sizes&quot;:[]},&quot;carousel_arrows_prev_arrow_vertical_top_indent_mobile_extra&quot;:{&quot;unit&quot;:&quot;px&quot;,&quot;size&quot;:&quot;&quot;,&quot;sizes&quot;:[]},&quot;carousel_arrows_prev_arrow_vertical_top_indent_mobile&quot;:{&quot;unit&quot;:&quot;%&quot;,&quot;size&quot;:&quot;&quot;,&quot;sizes&quot;:[]},&quot;carousel_arrows_prev_arrow_horizontal_left_indent&quot;:{&quot;unit&quot;:&quot;%&quot;,&quot;size&quot;:&quot;&quot;,&quot;sizes&quot;:[]},&quot;carousel_arrows_prev_arrow_horizontal_left_indent_laptop&quot;:{&quot;unit&quot;:&quot;px&quot;,&quot;size&quot;:&quot;&quot;,&quot;sizes&quot;:[]},&quot;carousel_arrows_prev_arrow_horizontal_left_indent_tablet_extra&quot;:{&quot;unit&quot;:&quot;px&quot;,&quot;size&quot;:&quot;&quot;,&quot;sizes&quot;:[]},&quot;carousel_arrows_prev_arrow_horizontal_left_indent_tablet&quot;:{&quot;unit&quot;:&quot;%&quot;,&quot;size&quot;:&quot;&quot;,&quot;sizes&quot;:[]},&quot;carousel_arrows_prev_arrow_horizontal_left_indent_mobile_extra&quot;:{&quot;unit&quot;:&quot;px&quot;,&quot;size&quot;:&quot;&quot;,&quot;sizes&quot;:[]},&quot;carousel_arrows_prev_arrow_horizontal_left_indent_mobile&quot;:{&quot;unit&quot;:&quot;%&quot;,&quot;size&quot;:&quot;&quot;,&quot;sizes&quot;:[]},&quot;carousel_arrows_next_arrow_vertical_align&quot;:&quot;flex-start&quot;,&quot;carousel_arrows_next_arrow_vertical_top_indent&quot;:{&quot;unit&quot;:&quot;%&quot;,&quot;size&quot;:&quot;&quot;,&quot;sizes&quot;:[]},&quot;carousel_arrows_next_arrow_vertical_top_indent_laptop&quot;:{&quot;unit&quot;:&quot;px&quot;,&quot;size&quot;:&quot;&quot;,&quot;sizes&quot;:[]},&quot;carousel_arrows_next_arrow_vertical_top_indent_tablet_extra&quot;:{&quot;unit&quot;:&quot;px&quot;,&quot;size&quot;:&quot;&quot;,&quot;sizes&quot;:[]},&quot;carousel_arrows_next_arrow_vertical_top_indent_tablet&quot;:{&quot;unit&quot;:&quot;%&quot;,&quot;size&quot;:&quot;&quot;,&quot;sizes&quot;:[]},&quot;carousel_arrows_next_arrow_vertical_top_indent_mobile_extra&quot;:{&quot;unit&quot;:&quot;px&quot;,&quot;size&quot;:&quot;&quot;,&quot;sizes&quot;:[]},&quot;carousel_arrows_next_arrow_vertical_top_indent_mobile&quot;:{&quot;unit&quot;:&quot;%&quot;,&quot;size&quot;:&quot;&quot;,&quot;sizes&quot;:[]},&quot;carousel_arrows_next_arrow_horizontal_left_indent&quot;:{&quot;unit&quot;:&quot;%&quot;,&quot;size&quot;:&quot;&quot;,&quot;sizes&quot;:[]},&quot;carousel_arrows_next_arrow_horizontal_left_indent_laptop&quot;:{&quot;unit&quot;:&quot;px&quot;,&quot;size&quot;:&quot;&quot;,&quot;sizes&quot;:[]},&quot;carousel_arrows_next_arrow_horizontal_left_indent_tablet_extra&quot;:{&quot;unit&quot;:&quot;px&quot;,&quot;size&quot;:&quot;&quot;,&quot;sizes&quot;:[]},&quot;carousel_arrows_next_arrow_horizontal_left_indent_tablet&quot;:{&quot;unit&quot;:&quot;%&quot;,&quot;size&quot;:&quot;&quot;,&quot;sizes&quot;:[]},&quot;carousel_arrows_next_arrow_horizontal_left_indent_mobile_extra&quot;:{&quot;unit&quot;:&quot;px&quot;,&quot;size&quot;:&quot;&quot;,&quot;sizes&quot;:[]},&quot;carousel_arrows_next_arrow_horizontal_left_indent_mobile&quot;:{&quot;unit&quot;:&quot;%&quot;,&quot;size&quot;:&quot;&quot;,&quot;sizes&quot;:[]},&quot;wdt_animation_effect&quot;:&quot;none&quot;}\" data-widget_type=\"wdt-specifications.default\">\n\t\t\t\t<div class=\"elementor-widget-container\">\n\t\t\t\t\t<div class=\"wdt-specifications-holder wdt-content-item-holder wdt-column-holder\" id=\"wdt-specifications-de45055\" data-settings=\"\"><div class=\"wdt-column-wrapper wdt-column-gap-custom\" data-column-settings=\"\" data-module-id=\"wdt-module-id-de45055\" id=\"wdt-module-id-de45055\"><div class=\"wdt-column\"><div class=\"wdt-content-item\"><div class=\"wdt-specification-block wdt_type_1\"><div class=\"wdt-content-icon-wrapper\"><div class=\"wdt-content-icon\"><svg xmlns=\"http:\/\/www.w3.org\/2000\/svg\" x=\"0px\" y=\"0px\" viewbox=\"0 0 100 100\" style=\"enable-background:new 0 0 100 100;\" xml:space=\"preserve\"><path d=\"M50,2.5C30.9,2.5,15.4,18,15.4,37.1c0,19.6,19.8,46.2,29.4,58c2.7,3.3,7.7,3.2,10.3-0.1c9.6-12,29.5-39.2,29.5-57.9 C84.6,18,69.1,2.5,50,2.5z M50,59.8c-12.7,0-22.9-10.3-22.9-22.9C27.1,24.2,37.3,14,50,14c12.7,0,22.9,10.3,22.9,22.9 C72.9,49.6,62.7,59.8,50,59.8z\"><\/path><\/svg><\/div><\/div><div class=\"wdt-content-detail-group\"><div class=\"wdt-content-title\"><h4>Rendez-nous visite<\/h4><\/div><div class=\"wdt-content-description\">Sacr\u00e9 C\u0153ur 3, n\u00b0 9569<\/div><\/div><\/div><\/div><\/div><div class=\"wdt-column\"><div class=\"wdt-content-item\"><div class=\"wdt-specification-block wdt_type_1\"><div class=\"wdt-content-icon-wrapper\"><div class=\"wdt-content-icon\"><svg xmlns=\"http:\/\/www.w3.org\/2000\/svg\" x=\"0px\" y=\"0px\" viewbox=\"0 0 100 100\" style=\"enable-background:new 0 0 100 100;\" xml:space=\"preserve\"><path d=\"M54.8,70.6c-9.2-5.3-21-21.2-23.2-31.3c4.1-6.4,7.6-3.3,9.8-9.8c0.1-0.3,6.1-32.9-16.9-26.1 c-49.8,15.1,32.2,125.6,63.2,85.2c14.1-18.8-19.8-23.8-20.1-23.8C60.4,64.7,62.4,68.9,54.8,70.6z\"><\/path><\/svg><\/div><\/div><div class=\"wdt-content-detail-group\"><div class=\"wdt-content-title\"><h4>Appelez-nous<\/h4><\/div><div class=\"wdt-content-spec-group item-block\"><div class=\"wdt-content-spec-items\"><a href=\"tel:+221338676076\" target=\"_blank\" rel=\"nofollow\">+221 33 867 60 76<\/a><\/div><\/div><\/div><\/div><\/div><\/div><div class=\"wdt-column\"><div class=\"wdt-content-item\"><div class=\"wdt-specification-block wdt_type_1\"><div class=\"wdt-content-icon-wrapper\"><div class=\"wdt-content-icon\"><svg xmlns=\"http:\/\/www.w3.org\/2000\/svg\" x=\"0px\" y=\"0px\" viewbox=\"0 0 100 100\" style=\"enable-background:new 0 0 100 100;\" xml:space=\"preserve\"><path d=\"M50,1C22.9,1,1,22.9,1,50c0,27.1,21.9,49,49,49c27.1,0,49-21.9,49-49C99,22.9,77.1,1,50,1z M53.9,49.5c0,0.2,0,0.3,0,0.5 c0.1,0.9-0.1,1.9-0.9,2.6L36.8,68.7c-1.2,1.2-3.1,1.2-4.3,0c-1.2-1.2-1.2-3.1,0-4.3l15.2-15.2V18.6c0-1.7,1.4-3.1,3.1-3.1 c1.7,0,3.1,1.4,3.1,3.1V49.5z\"><\/path><\/svg><\/div><\/div><div class=\"wdt-content-detail-group\"><div class=\"wdt-content-title\"><h4>Heures de bureau<\/h4><\/div><div class=\"wdt-content-spec-group item-block\"><div class=\"wdt-content-spec-items\">Lun \/ Ven: 08H-17H<\/div><div class=\"wdt-content-spec-items\">Samedi \/ Dimanche :\u00a0Ferm\u00e9<\/div><\/div><\/div><\/div><\/div><\/div><div class=\"wdt-column\"><div class=\"wdt-content-item\"><div class=\"wdt-specification-block wdt_type_1\"><div class=\"wdt-content-icon-wrapper\"><div class=\"wdt-content-icon\"><svg xmlns=\"http:\/\/www.w3.org\/2000\/svg\" x=\"0px\" y=\"0px\" viewbox=\"0 0 100 100\" style=\"enable-background:new 0 0 100 100;\" xml:space=\"preserve\"><g>\t<path d=\"M4.9,16.6c-1.5,1.5-2.4,3.6-2.4,5.9v55c0,4.7,3.8,8.5,8.5,8.5H89c4.7,0,8.5-3.8,8.5-8.5v-55c0-2.3-0.9-4.4-2.4-5.9  L52.7,60.7c0,0,0,0-0.1,0.1c-0.7,0.7-1.7,1-2.7,1c-1,0-1.9-0.4-2.7-1c0,0,0,0-0.1-0.1L4.9,16.6z\"><\/path>\t<path d=\"M49.7,58.3c0.2,0.1,0.4,0.1,0.6,0l42-43.7c-1-0.4-2.1-0.7-3.3-0.7H11c-1.2,0-2.3,0.2-3.3,0.7L49.7,58.3z\"><\/path><\/g><\/svg><\/div><\/div><div class=\"wdt-content-detail-group\"><div class=\"wdt-content-title\"><h4>\u00c9crivez-nous<\/h4><\/div><div class=\"wdt-content-spec-group item-block\"><div class=\"wdt-content-spec-items\"><a href=\"mailto:harmony@harmonygroup.sn\" target=\"_blank\" rel=\"nofollow\">harmony@harmonygroup.sn<\/a><\/div><\/div><\/div><\/div><\/div><\/div><\/div><\/div>\t\t\t\t<\/div>\n\t\t\t\t<\/div>\n\t\t\t\t<\/div>\n\t\t<div class=\"elementor-element elementor-element-738af14 e-con-full animated-fast e-flex elementor-invisible e-con e-child\" data-id=\"738af14\" data-element_type=\"container\" data-settings=\"{&quot;background_background&quot;:&quot;classic&quot;,&quot;animation&quot;:&quot;slideInUp&quot;,&quot;animation_delay&quot;:250}\">\n\t\t\t\t<div class=\"elementor-element elementor-element-3fbc712 elementor-widget elementor-widget-wdt-heading\" data-id=\"3fbc712\" data-element_type=\"widget\" data-settings=\"{&quot;wdt_animation_effect&quot;:&quot;none&quot;}\" data-widget_type=\"wdt-heading.default\">\n\t\t\t\t<div class=\"elementor-widget-container\">\n\t\t\t\t\t<div class=\"wdt-heading-holder\" id=\"wdt-heading-3fbc712\"><h4 class=\"wdt-heading-title-wrapper wdt-heading-title\">Formulaire de Demande de Devis<\/h4><\/div>\t\t\t\t<\/div>\n\t\t\t\t<\/div>\n\t\t\t\t<div class=\"elementor-element elementor-element-7cfac14 elementor-widget elementor-widget-shortcode\" data-id=\"7cfac14\" data-element_type=\"widget\" data-settings=\"{&quot;wdt_animation_effect&quot;:&quot;none&quot;}\" data-widget_type=\"shortcode.default\">\n\t\t\t\t\t\t\t<div class=\"elementor-shortcode\">\n<div class=\"wpcf7 no-js\" id=\"wpcf7-f503-o1\" lang=\"en-US\" dir=\"ltr\" data-wpcf7-id=\"503\">\n<div class=\"screen-reader-response\"><p role=\"status\" aria-live=\"polite\" aria-atomic=\"true\"><\/p> <ul><\/ul><\/div>\n<form action=\"\/en\/wp-json\/wp\/v2\/pages\/499#wpcf7-f503-o1\" method=\"post\" class=\"wpcf7-form init demo\" aria-label=\"Contact form\" novalidate=\"novalidate\" data-status=\"init\" data-trp-original-action=\"\/en\/wp-json\/wp\/v2\/pages\/499#wpcf7-f503-o1\">\n<fieldset class=\"hidden-fields-container\"><input type=\"hidden\" name=\"_wpcf7\" value=\"503\" \/><input type=\"hidden\" name=\"_wpcf7_version\" value=\"6.1.3\" \/><input type=\"hidden\" name=\"_wpcf7_locale\" value=\"en_US\" \/><input type=\"hidden\" name=\"_wpcf7_unit_tag\" value=\"wpcf7-f503-o1\" \/><input type=\"hidden\" name=\"_wpcf7_container_post\" value=\"0\" \/><input type=\"hidden\" name=\"_wpcf7_posted_data_hash\" value=\"\" \/>\n<\/fieldset>\n<div class=\"wdt-contact-form\">\n\t<div class=\"wdt-contact-form-top\">\n\t\t<p><span class=\"wpcf7-form-control-wrap\" data-name=\"your-name\"><input size=\"40\" maxlength=\"400\" class=\"wpcf7-form-control wpcf7-text wpcf7-validates-as-required\" aria-required=\"true\" aria-invalid=\"false\" placeholder=\"Pr\u00e9nom*\" value=\"\" type=\"text\" name=\"your-name\" \/><\/span><span class=\"wpcf7-form-control-wrap\" data-name=\"your-name\"><input size=\"40\" maxlength=\"400\" class=\"wpcf7-form-control wpcf7-text wpcf7-validates-as-required\" aria-required=\"true\" aria-invalid=\"false\" placeholder=\"Nom*\" value=\"\" type=\"text\" name=\"your-name\" \/><\/span><span class=\"wpcf7-form-control-wrap\" data-name=\"your-email\"><input size=\"40\" maxlength=\"400\" class=\"wpcf7-form-control wpcf7-email wpcf7-validates-as-required wpcf7-text wpcf7-validates-as-email\" aria-required=\"true\" aria-invalid=\"false\" placeholder=\"Email *\" value=\"\" type=\"email\" name=\"your-email\" \/><\/span><span class=\"wpcf7-form-control-wrap\" data-name=\"tel-01\"><input size=\"40\" maxlength=\"400\" class=\"wpcf7-form-control wpcf7-tel wpcf7-validates-as-required wpcf7-text wpcf7-validates-as-tel\" aria-required=\"true\" aria-invalid=\"false\" placeholder=\"T\u00e9l\u00e9phone*\" value=\"\" type=\"tel\" name=\"tel-01\" \/><\/span><span class=\"wpcf7-form-control-wrap\" data-name=\"text-fill\"><input size=\"40\" maxlength=\"400\" class=\"wpcf7-form-control wpcf7-text wpcf7-validates-as-required\" aria-required=\"true\" aria-invalid=\"false\" placeholder=\"Organisation*\" value=\"\" type=\"text\" name=\"text-fill\" \/><\/span><span class=\"wpcf7-form-control-wrap\" data-name=\"select-menu\"><select class=\"wpcf7-form-control wpcf7-select wpcf7-validates-as-required\" aria-required=\"true\" aria-invalid=\"false\" name=\"select-menu\"><option value=\"\">Choisir Services*<\/option><option value=\"Environnement\">Environnement<\/option><option value=\"Mines &amp; G\u00e9osciences\">Mines &amp; G\u00e9osciences<\/option><option value=\"\u00c9nergies\">\u00c9nergies<\/option><option value=\"Agro-industrie &amp; Agro-business\">Agro-industrie &amp; Agro-business<\/option><\/select><\/span>\n\t\t<\/p>\n\t<\/div>\n\t<div class=\"wdt-contact-form-bottom\">\n\t\t<p><span class=\"wpcf7-form-control-wrap\" data-name=\"textarea-615\"><textarea cols=\"40\" rows=\"10\" maxlength=\"2000\" class=\"wpcf7-form-control wpcf7-textarea\" aria-invalid=\"false\" placeholder=\"Messages complementaires\" name=\"textarea-615\"><\/textarea><\/span>\n\t\t<\/p>\n\t\t<div class=\"wdt-form-submit-btn\">\n\t\t\t<p><input class=\"wpcf7-form-control wpcf7-submit has-spinner\" type=\"submit\" value=\"Envoyer\" \/><br \/>\n<i class=\"wdt-submit-icon\"><\/i>\n\t\t\t<\/p>\n\t\t<\/div>\n\t<\/div>\n<\/div><div class=\"wpcf7-response-output\" aria-hidden=\"true\"><\/div>\n<input type=\"hidden\" name=\"trp-form-language\" value=\"en\"\/><\/form>\n<\/div>\n<\/div>\n\t\t\t\t\t\t<\/div>\n\t\t\t\t<\/div>\n\t\t\t\t<\/div>\n\t\t\t\t\t<\/div>\n\t\t\t\t<\/div>\n\t\t<div class=\"elementor-element elementor-element-931952c animated-fast e-flex e-con-boxed elementor-invisible e-con e-parent\" data-id=\"931952c\" data-element_type=\"container\" data-settings=\"{&quot;background_background&quot;:&quot;classic&quot;,&quot;animation&quot;:&quot;slideInUp&quot;}\">\n\t\t\t\t\t<div class=\"e-con-inner\">\n\t\t\t\t<div class=\"elementor-element elementor-element-3d9ad7e elementor-widget elementor-widget-wdt-heading\" data-id=\"3d9ad7e\" data-element_type=\"widget\" data-settings=\"{&quot;wdt_enable_inview_status&quot;:&quot;true&quot;,&quot;wdt_animation_effect&quot;:&quot;none&quot;}\" data-widget_type=\"wdt-heading.default\">\n\t\t\t\t<div class=\"elementor-widget-container\">\n\t\t\t\t\t<div class=\"wdt-heading-holder\" id=\"wdt-heading-3d9ad7e\"><div class=\"wdt-heading-subtitle-wrapper wdt-heading-subtitle\">Trouvez-nous<\/div><h2 class=\"wdt-heading-title-wrapper wdt-heading-title\">Localisation<\/h2><\/div>\t\t\t\t<\/div>\n\t\t\t\t<\/div>\n\t\t\t\t<div class=\"elementor-element elementor-element-6c5f4d6 elementor-widget elementor-widget-google_maps\" data-id=\"6c5f4d6\" data-element_type=\"widget\" data-settings=\"{&quot;wdt_animation_effect&quot;:&quot;none&quot;}\" data-widget_type=\"google_maps.default\">\n\t\t\t\t\t\t\t<div class=\"elementor-custom-embed\">\n\t\t\t<iframe loading=\"lazy\"\n\t\t\t\t\tsrc=\"https:\/\/maps.google.com\/maps?q=HARMONY%20GROUP%2C%20Sacr%C3%A9%20C%C5%93ur%203%2C%20n%C2%B0%209569%20Dakar%20S%C3%A9n%C3%A9gal%2C%2086%20Voie%20de%20degagement%20N%2C%20Dakar&#038;t=m&#038;z=10&#038;output=embed&#038;iwloc=near\"\n\t\t\t\t\ttitle=\"HARMONY GROUP, Sacr\u00e9 C\u0153ur 3, n\u00b0 9569 Dakar S\u00e9n\u00e9gal, 86 Voie de degagement N, Dakar\"\n\t\t\t\t\taria-label=\"HARMONY GROUP, Sacr\u00e9 C\u0153ur 3, n\u00b0 9569 Dakar S\u00e9n\u00e9gal, 86 Voie de degagement N, Dakar\"\n\t\t\t><\/iframe>\n\t\t<\/div>\n\t\t\t\t\t\t<\/div>\n\t\t\t\t\t<\/div>\n\t\t\t\t<\/div>\n\t\t\t\t<\/div>","protected":false},"excerpt":{"rendered":"<p>Contactez-nous Soumettez votre requ\u00eate Rendez-nous visite Sacr\u00e9 C\u0153ur 3, n\u00b0 9569 Appelez-nous +221 33 867 60 76 Heures de bureau Lun \/ Ven: 08H-17HSamedi \/ Dimanche :\u00a0Ferm\u00e9 \u00c9crivez-nous harmony@harmonygroup.sn Formulaire de Demande de Devis Trouvez-nous Localisation<\/p>","protected":false},"author":1,"featured_media":0,"parent":0,"menu_order":0,"comment_status":"closed","ping_status":"closed","template":"elementor_header_footer","meta":{"_monsterinsights_skip_tracking":false,"_monsterinsights_sitenote_active":false,"_monsterinsights_sitenote_note":"","_monsterinsights_sitenote_category":0,"footnotes":""},"class_list":["post-499","page","type-page","status-publish","hentry"],"aioseo_notices":[],"_links":{"self":[{"href":"https:\/\/harmonygroup.sn\/en\/wp-json\/wp\/v2\/pages\/499","targetHints":{"allow":["GET"]}}],"collection":[{"href":"https:\/\/harmonygroup.sn\/en\/wp-json\/wp\/v2\/pages"}],"about":[{"href":"https:\/\/harmonygroup.sn\/en\/wp-json\/wp\/v2\/types\/page"}],"author":[{"embeddable":true,"href":"https:\/\/harmonygroup.sn\/en\/wp-json\/wp\/v2\/users\/1"}],"replies":[{"embeddable":true,"href":"https:\/\/harmonygroup.sn\/en\/wp-json\/wp\/v2\/comments?post=499"}],"version-history":[{"count":28,"href":"https:\/\/harmonygroup.sn\/en\/wp-json\/wp\/v2\/pages\/499\/revisions"}],"predecessor-version":[{"id":2636,"href":"https:\/\/harmonygroup.sn\/en\/wp-json\/wp\/v2\/pages\/499\/revisions\/2636"}],"wp:attachment":[{"href":"https:\/\/harmonygroup.sn\/en\/wp-json\/wp\/v2\/media?parent=499"}],"curies":[{"name":"wp","href":"https:\/\/api.w.org\/{rel}","templated":true}]}}